{"id":84,"date":"2025-06-05T13:48:47","date_gmt":"2025-06-05T11:48:47","guid":{"rendered":"https:\/\/panama.eventosapf.com\/?page_id=84"},"modified":"2025-09-30T22:47:06","modified_gmt":"2025-09-30T20:47:06","slug":"program","status":"publish","type":"page","link":"https:\/\/panama.eventosapf.com\/en\/program\/","title":{"rendered":"Program"},"content":{"rendered":"<div class=\"apf-page-container\">\n<div class=\"programa-academico-container\">\n<p><!-- TUESDAY, OCTOBER 7 --><\/p>\n<div class=\"dia-programa\">\n<h2 class=\"titulo-dia\">Tuesday, October 7<\/h2>\n<div class=\"programa-tabla\">\n<div class=\"programa-item\">\n<div class=\"hora\">18:30<\/div>\n<div class=\"actividad\">\n<h4>Accreditation\/Registration<\/h4>\n<p>Infinity room foyer, venue hotel. All participants may collect their material at the venue hotel from 18:30.<\/p>\n<\/div>\n<\/div>\n<div class=\"programa-item social\">\n<div class=\"hora\">19:30<\/div>\n<div class=\"actividad\">\n<h4>Welcome cocktail at the venue hotel<\/h4>\n<p>Infinity room<\/p>\n<div class=\"vestimenta-info\"><strong>Dress code:<\/strong> elegant casual, no jeans, tie is not required. Indoor activity.<\/div>\n<\/div>\n<\/div>\n<div class=\"programa-item\">\n<div class=\"hora\">21:30<\/div>\n<div class=\"actividad\">\n<h4>End of activity<\/h4>\n<\/div>\n<\/div>\n<\/div>\n<\/div>\n<p><!-- WEDNESDAY, OCTOBER 8 --><\/p>\n<div class=\"dia-programa\">\n<h2 class=\"titulo-dia\">Wednesday, October 8<\/h2>\n<div class=\"evento-destacado\">\n<h3 style=\"text-align: center;\">XVI INTERNATIONAL MEETING ON SURETY BONDS AND CREDIT INSURANCE<\/h3>\n<p class=\"descripcion-evento\" style=\"text-align: center;\">For PASA members and all the players of the surety and credit insurance industry<\/p>\n<p style=\"text-align: center;\"><strong>Current situation for surety bond and credit insurance.<\/strong><\/p>\n<p style=\"text-align: center;\"><strong>Information about their characteristics<\/strong><\/p>\n<div class=\"objetivos-box\">\n<h5>Targets:<\/h5>\n<p>Inform about and share with the participants how surety bond and credit insurance are perceived by their different players: insurers, reinsurers, clients, insureds, beneficiaries, and insurance and reinsurance brokers.<\/p>\n<\/div>\n<div class=\"dirigido-box\">\n<h5>Sessions open to:<\/h5>\n<p>Presidents, vice presidents, managers, underwriters, commercial staff and officers in charge of risk management areas and legal areas of insurers, reinsurers, insurance and reinsurance brokers; public and private contracting agencies, contractors and consultants.<\/p>\n<\/div>\n<\/div>\n<div class=\"programa-tabla\">\n<div class=\"programa-item\">\n<div class=\"hora\">08:00<\/div>\n<div class=\"actividad\">\n<h4>Accreditation\/Registration<\/h4>\n<p>Star Bay room, venue hotel<\/p>\n<\/div>\n<\/div>\n<div class=\"programa-item ceremonia\">\n<div class=\"hora\">09:00<\/div>\n<div class=\"actividad\">\n<h4>Opening ceremony<\/h4>\n<div class=\"mesa-autoridades\">\n<p><strong>PASA Authorities at the podium:<\/strong><\/p>\n<ul>\n<li>Paulo Morais, President<\/li>\n<li>Felix Winzap, First Vice President<\/li>\n<li>Gustavo Henrich, Second Vice President<\/li>\n<\/ul>\n<p><strong>Welcoming words<\/strong><\/p>\n<ul>\n<li>Luis Enrique Bandera, Insurance and Reinsurance Superintendent of Panama<\/li>\n<\/ul>\n<\/div>\n<\/div>\n<\/div>\n<div class=\"programa-item conferencia\">\n<div class=\"hora\">09:20<\/div>\n<div class=\"actividad\">\n<h4>Opening Conference<\/h4>\n<p><strong>Panama&#8217;s economic situation and future outlook<\/strong><\/p>\n<p><strong>Speaker:<\/strong><\/p>\n<ul>\n<li>Luis A. Navarro, Managing Partner at Indesa Panama<\/li>\n<\/ul>\n<\/div>\n<\/div>\n<div class=\"programa-item conferencia\">\n<div class=\"hora\">10:00<\/div>\n<div class=\"actividad\">\n<h4>Conference<\/h4>\n<p><strong>The Panama Canal Authority: Water of the future<\/strong><\/p>\n<p><strong>Speaker:<\/strong><\/p>\n<ul>\n<li>Am\u00edlcar Gonz\u00e1lez, Manager of Program and Contract Control at the Water Projects Office, Panama Canal Authority<\/li>\n<\/ul>\n<\/div>\n<\/div>\n<div class=\"programa-item preguntas\">\n<div class=\"hora\">10:30<\/div>\n<div class=\"actividad\">\n<h4>Q&amp;A<\/h4>\n<\/div>\n<\/div>\n<div class=\"programa-item pausa\">\n<div class=\"hora\">10:40<\/div>\n<div class=\"actividad\">\n<h4>Coffee break<\/h4>\n<\/div>\n<\/div>\n<div class=\"programa-item panel\">\n<div class=\"hora\">11:00<\/div>\n<div class=\"actividad\">\n<h4>Panel<\/h4>\n<p><em>Developed by the Host Committee<\/em><\/p>\n<p><strong>Surety policies including step-in clauses and claims management<\/strong><\/p>\n<p><strong>Coordinator:<\/strong><\/p>\n<ul>\n<li>Gina Herrero C., General Manager, Aliado Seguros<\/li>\n<\/ul>\n<p><strong>Participants:<\/strong><\/p>\n<ul>\n<li>Rub\u00e9n Dar\u00edo Carles Cal, Vice President Surety, Assa Compa\u00f1\u00eda de Seguros<\/li>\n<li>Mart\u00edn Delgado, Vice President Surety, Internacional de Seguros<\/li>\n<li>Ricardo Palomo, Vice President Surety, Acerta Seguros<\/li>\n<\/ul>\n<\/div>\n<\/div>\n<div class=\"programa-item preguntas\">\n<div class=\"hora\">11:50<\/div>\n<div class=\"actividad\">\n<h4>Q&amp;A<\/h4>\n<\/div>\n<\/div>\n<div class=\"programa-item mesa-redonda\">\n<div class=\"hora\">12:00<\/div>\n<div class=\"actividad\">\n<h4>Colloquium<\/h4>\n<p><em>Developed by the PASA Credit Committee<\/em><\/p>\n<p><strong>The United States Tariff Policy and its Impact on Global Trade<\/strong><\/p>\n<p><strong>Moderator:<\/strong><\/p>\n<ul>\n<li>Jes\u00fas Urdangaray L\u00f3pez, Director of Subsidiaries, CESCE, Spain<\/li>\n<\/ul>\n<p><strong>Speaker:<\/strong><\/p>\n<ul>\n<li>Juan Alberto Arias Strunz, President, Chamber of Commerce, Industries, and Agriculture of Panama (CCIAP)<\/li>\n<\/ul>\n<\/div>\n<\/div>\n<div class=\"programa-item preguntas\">\n<div class=\"hora\">12:40<\/div>\n<div class=\"actividad\">\n<h4>Q&amp;A<\/h4>\n<\/div>\n<\/div>\n<div class=\"programa-item ceremonia\">\n<div class=\"hora\">12:50<\/div>\n<div class=\"actividad\">\n<h4>Closing ceremony<\/h4>\n<\/div>\n<\/div>\n<div class=\"programa-item almuerzo\">\n<div class=\"hora\">13:30<\/div>\n<div class=\"actividad\">\n<h4>Lunch at the venue hotel<\/h4>\n<\/div>\n<\/div>\n<div class=\"programa-item libre\">\n<div class=\"hora\">15:00<\/div>\n<div class=\"actividad\">\n<h4>Afternoon free for meetings<\/h4>\n<\/div>\n<\/div>\n<div class=\"programa-item\">\n<div class=\"hora\">17:00<\/div>\n<div class=\"actividad\">\n<h4>Meeting at the venue hotel lobby<\/h4>\n<p>To board the buses that will take the group to the IMAX theater at the Miraflores Locks, Panama Canal.<\/p>\n<\/div>\n<\/div>\n<div class=\"programa-item especial\">\n<div class=\"hora\">18:30<\/div>\n<div class=\"actividad\">\n<h4>Screening of the film &#8220;Una tierra dividida, un mundo unido&#8221; (A Land Divided, A World United)<\/h4>\n<\/div>\n<\/div>\n<div class=\"programa-item\">\n<div class=\"hora\">19:45<\/div>\n<div class=\"actividad\">\n<h4>Transfer by bus to the restaurant<\/h4>\n<\/div>\n<\/div>\n<div class=\"programa-item social\">\n<div class=\"hora\">20:00<\/div>\n<div class=\"actividad\">\n<h4>Camaraderie dinner at Austin Mama&#8217;s restaurant, Corozal<\/h4>\n<div class=\"vestimenta-info\"><strong>Dress code:<\/strong> elegant casual, no jeans, tie is not required. Indoor event.<\/div>\n<\/div>\n<\/div>\n<div class=\"programa-item\">\n<div class=\"hora\">22:30<\/div>\n<div class=\"actividad\">\n<h4>End of activity<\/h4>\n<p>Departure of the first buses back to the hotels.<\/p>\n<\/div>\n<\/div>\n<div class=\"programa-item\">\n<div class=\"hora\">23:00<\/div>\n<div class=\"actividad\">\n<h4>Departure of the last bus back to the hotels<\/h4>\n<\/div>\n<\/div>\n<\/div>\n<\/div>\n<p><!-- THURSDAY, OCTOBER 9 --><\/p>\n<div class=\"dia-programa\">\n<h2 class=\"titulo-dia\">Thursday, October 9<\/h2>\n<div class=\"evento-destacado\">\n<h3 style=\"text-align: center;\">XXI TECHNICAL SEMINAR ON SURETY BONDS AND CREDIT INSURANCE<\/h3>\n<\/div>\n<div class=\"programa-tabla\">\n<div class=\"programa-item ceremonia\">\n<div class=\"hora\">09:00<\/div>\n<div class=\"actividad\">\n<h4>Opening ceremony<\/h4>\n<div class=\"mesa-autoridades\">\n<p><strong>PASA Authorities at the podium:<\/strong><\/p>\n<ul>\n<li>Paulo Morais, President<\/li>\n<li>Felix Winzap, First Vice President<\/li>\n<li>Gustavo Henrich, Second Vice President<\/li>\n<\/ul>\n<\/div>\n<\/div>\n<\/div>\n<div class=\"programa-item panel\">\n<div class=\"hora\">09:20<\/div>\n<div class=\"actividad\">\n<h4>Panel<\/h4>\n<p><em>Developed by the PASA Surety Committee<\/em><\/p>\n<p><strong>The challenges involved in underwriting international operations<\/strong><\/p>\n<p><strong>Moderator:<\/strong><\/p>\n<ul>\n<li>Dekker Buckley, Senior Vice President, Head of COG Surety, Chubb, USA<\/li>\n<\/ul>\n<p><strong>Participants:<\/strong><\/p>\n<ul>\n<li>Pedro Palma Neto, Global Head Product Management Surety, Swiss Re Corporate Solutions, Brazil<\/li>\n<li>Cristina Contreras D\u00edaz, Technical and Reinsurance Manager, Seguros Confianza, Ecuador<\/li>\n<li>Ivo Nijenhuis, SVP, Regional Executive, Latin-America and Asia Pacific, Liberty Mutual, USA<\/li>\n<li>Flavio D\u00e1vila Guti\u00e9rrez, General Director, Dorama Instituci\u00f3n de Garant\u00edas, Mexico<\/li>\n<\/ul>\n<\/div>\n<\/div>\n<div class=\"programa-item preguntas\">\n<div class=\"hora\">10:10<\/div>\n<div class=\"actividad\">\n<h4>Q&amp;A<\/h4>\n<\/div>\n<\/div>\n<div class=\"programa-item panel\">\n<div class=\"hora\">10:20<\/div>\n<div class=\"actividad\">\n<h4>Panel<\/h4>\n<p><em>Developed by the PASA Legal Committee<\/em><\/p>\n<p><strong>Best practices in International Counterguarantees and Indemnities<\/strong><\/p>\n<p><strong>Moderator:<\/strong><\/p>\n<ul>\n<li>Isidra V\u00e1squez, Senior Risk Underwriter, Munich Re, Germany<\/li>\n<\/ul>\n<p><strong>Participants:<\/strong><\/p>\n<ul>\n<li>Ketlyn Parolin Bertholdi Stefanovic, Claims Director, Junto Seguros, Brazil<\/li>\n<li>Katie Anagnostou, Senior Counsel, Bond &amp; Specialty Insurance Legal Services, Travelers, USA<\/li>\n<li>Eric Britton, Litigation &amp; Arbitration and Construction Law Practitioner, Panama<\/li>\n<\/ul>\n<\/div>\n<\/div>\n<div class=\"programa-item preguntas\">\n<div class=\"hora\">11:10<\/div>\n<div class=\"actividad\">\n<h4>Q&amp;A<\/h4>\n<\/div>\n<\/div>\n<div class=\"programa-item pausa\">\n<div class=\"hora\">11:20<\/div>\n<div class=\"actividad\">\n<h4>Coffee break<\/h4>\n<\/div>\n<\/div>\n<div class=\"programa-item conferencia\">\n<div class=\"hora\">11:40<\/div>\n<div class=\"actividad\">\n<h4>Conference<\/h4>\n<p><strong>AXA XL Credit &amp; Surety Market Survey<\/strong><\/p>\n<p><strong>Speaker:<\/strong><\/p>\n<ul>\n<li>Alexander Steiner, Senior Underwriter Global Credit and Surety Reinsurance, AXA XL, Switzerland<\/li>\n<\/ul>\n<\/div>\n<\/div>\n<div class=\"programa-item preguntas\">\n<div class=\"hora\">12:20<\/div>\n<div class=\"actividad\">\n<h4>Q&amp;A<\/h4>\n<\/div>\n<\/div>\n<div class=\"programa-item especial\">\n<div class=\"hora\">12:30<\/div>\n<div class=\"actividad\">\n<h4>Group photo<\/h4>\n<\/div>\n<\/div>\n<div class=\"programa-item libre\">\n<div class=\"hora\">13:30<\/div>\n<div class=\"actividad\">\n<h4>Lunch, afternoon and evening free for meetings<\/h4>\n<p><strong>(*Executive Committee meeting*)<\/strong><\/p>\n<\/div>\n<\/div>\n<\/div>\n<\/div>\n<p><!-- FRIDAY, OCTOBER 10 --><\/p>\n<div class=\"dia-programa\">\n<h2 class=\"titulo-dia\">Friday, October 10<\/h2>\n<div class=\"programa-tabla\">\n<div class=\"programa-item taller\">\n<div class=\"hora\">09:00<\/div>\n<div class=\"actividad\">\n<h4>Credit Insurance workshop<\/h4>\n<p><em>Developed by the PASA Credit Committee<\/em><\/p>\n<p><strong>The agricultural sector and credit insurance<\/strong><\/p>\n<p>How the agricultural sector works: specific characteristics and key industry players. The contributions of credit insurance to the sector.<\/p>\n<\/div>\n<\/div>\n<div class=\"programa-item pausa\">\n<div class=\"hora\">10:25<\/div>\n<div class=\"actividad\">\n<h4>Coffee break<\/h4>\n<\/div>\n<\/div>\n<div class=\"programa-item taller\">\n<div class=\"hora\">10:55<\/div>\n<div class=\"actividad\">\n<h4>Surety workshop<\/h4>\n<p><em>Developed by the PASA Surety Committee<\/em><\/p>\n<p><strong>PPP &#8212; Public Private Partnerships<\/strong><\/p>\n<p>Types of contracts, guarantees divisibility, enforcement terms, financial solutions for long-term projects<\/p>\n<p><strong>Main conference:<\/strong><\/p>\n<ul>\n<li>Ana Julia Carreira, Secretary, National Secretariat of Public Private Partnerships (SNAPP), Panama<\/li>\n<\/ul>\n<\/div>\n<\/div>\n<div class=\"programa-item taller\">\n<div class=\"hora\">12:20<\/div>\n<div class=\"actividad\">\n<h4>Technology at PASA<\/h4>\n<p><strong>New Platform: WORKVIVO<\/strong><\/p>\n<\/div>\n<\/div>\n<div class=\"programa-item informes\">\n<div class=\"hora\">12:40<\/div>\n<div class=\"actividad\">\n<h4>Reports from the Presidents of the PASA Working Committees<\/h4>\n<div class=\"comites-lista\">\n<ul>\n<li>Surety Committee<\/li>\n<li>Credit Committee<\/li>\n<li>Training Committee<\/li>\n<li>Legal Committee<\/li>\n<li>Strategy Committee<\/li>\n<\/ul>\n<\/div>\n<\/div>\n<\/div>\n<div class=\"programa-item ceremonia\">\n<div class=\"hora\">13:20<\/div>\n<div class=\"actividad\">\n<h4>Closing ceremony<\/h4>\n<\/div>\n<\/div>\n<div class=\"programa-item libre\">\n<div class=\"hora\">13:40<\/div>\n<div class=\"actividad\">\n<h4>Lunch and afternoon free for meetings<\/h4>\n<\/div>\n<\/div>\n<div class=\"programa-item social\">\n<div class=\"hora\">20:00<\/div>\n<div class=\"actividad\">\n<h4>Closing dinner and dance at the venue hotel, Star Bay room<\/h4>\n<div class=\"vestimenta-info\"><strong>Dress code:<\/strong> elegant casual, no jeans, tie is not required. Indoor event.<\/div>\n<\/div>\n<\/div>\n<div class=\"programa-item\">\n<div class=\"hora\">23:45<\/div>\n<div class=\"actividad\">\n<h4>End of activity<\/h4>\n<\/div>\n<\/div>\n<\/div>\n<\/div>\n<\/div>\n<\/div>\n","protected":false},"excerpt":{"rendered":"<p>Tuesday, October 7 18:30 Accreditation\/Registration Infinity room foyer, venue hotel. All participants may collect their material at the venue hotel from 18:30. 19:30 Welcome cocktail&hellip;<\/p>\n<p><a href=\"https:\/\/panama.eventosapf.com\/en\/program\/\" class=\"read-more-link\"><span class=\"read-more-icon\"><\/span>Read more<\/a><\/p>\n","protected":false},"author":1,"featured_media":0,"parent":0,"menu_order":0,"comment_status":"closed","ping_status":"closed","template":"","meta":{"footnotes":""},"class_list":["post-84","page","type-page","status-publish","hentry"],"_links":{"self":[{"href":"https:\/\/panama.eventosapf.com\/en\/wp-json\/wp\/v2\/pages\/84","targetHints":{"allow":["GET"]}}],"collection":[{"href":"https:\/\/panama.eventosapf.com\/en\/wp-json\/wp\/v2\/pages"}],"about":[{"href":"https:\/\/panama.eventosapf.com\/en\/wp-json\/wp\/v2\/types\/page"}],"author":[{"embeddable":true,"href":"https:\/\/panama.eventosapf.com\/en\/wp-json\/wp\/v2\/users\/1"}],"replies":[{"embeddable":true,"href":"https:\/\/panama.eventosapf.com\/en\/wp-json\/wp\/v2\/comments?post=84"}],"version-history":[{"count":14,"href":"https:\/\/panama.eventosapf.com\/en\/wp-json\/wp\/v2\/pages\/84\/revisions"}],"predecessor-version":[{"id":756,"href":"https:\/\/panama.eventosapf.com\/en\/wp-json\/wp\/v2\/pages\/84\/revisions\/756"}],"wp:attachment":[{"href":"https:\/\/panama.eventosapf.com\/en\/wp-json\/wp\/v2\/media?parent=84"}],"curies":[{"name":"wp","href":"https:\/\/api.w.org\/{rel}","templated":true}]}}